{"id":22,"date":"2015-12-20T23:04:53","date_gmt":"2015-12-20T22:04:53","guid":{"rendered":"http:\/\/www.hotelfabris.it\/?page_id=22"},"modified":"2016-01-14T18:32:07","modified_gmt":"2016-01-14T17:32:07","slug":"spiaggia","status":"publish","type":"page","link":"https:\/\/www.hotelfabris.it\/de\/strand\/","title":{"rendered":"Strand"},"content":{"rendered":"<p>Auf 50 Meter vom sch\u00f6nen Strand Levante bietet viele Dienstleistungen f\u00fcr Touristen. Und &#8218;ideal f\u00fcr Kinder f\u00fcr seine seichten Wasser und feinem Sand. Beach-Volleyball, Strandtennis, Fitnessger\u00e4te, Kinderspielplatz, Babysitting, Wasser-Aerobic und Muskeltraining Klassen.<\/p>\n<p>Rettungsdienst und Erste Hilfe sind jeden Tag aktiv.<\/p>\n<p>&nbsp;<\/p>\n<p>&nbsp;<\/p>","protected":false},"excerpt":{"rendered":"<p>Auf 50 Meter vom sch\u00f6nen Strand Levante bietet viele Dienstleistungen f\u00fcr Touristen. Und &#8218;ideal f\u00fcr Kinder f\u00fcr seine seichten Wasser und feinem Sand. Beach-Volleyball, Strandtennis, Fitnessger\u00e4te, Kinderspielplatz, Babysitting, Wasser-Aerobic und Muskeltraining Klassen. Rettungsdienst und Erste Hilfe sind jeden Tag aktiv.<\/p>\n","protected":false},"author":1,"featured_media":12,"parent":0,"menu_order":0,"comment_status":"closed","ping_status":"closed","template":"","meta":[],"_links":{"self":[{"href":"https:\/\/www.hotelfabris.it\/de\/wp-json\/wp\/v2\/pages\/22"}],"collection":[{"href":"https:\/\/www.hotelfabris.it\/de\/wp-json\/wp\/v2\/pages"}],"about":[{"href":"https:\/\/www.hotelfabris.it\/de\/wp-json\/wp\/v2\/types\/page"}],"author":[{"embeddable":true,"href":"https:\/\/www.hotelfabris.it\/de\/wp-json\/wp\/v2\/users\/1"}],"replies":[{"embeddable":true,"href":"https:\/\/www.hotelfabris.it\/de\/wp-json\/wp\/v2\/comments?post=22"}],"version-history":[{"count":5,"href":"https:\/\/www.hotelfabris.it\/de\/wp-json\/wp\/v2\/pages\/22\/revisions"}],"predecessor-version":[{"id":110,"href":"https:\/\/www.hotelfabris.it\/de\/wp-json\/wp\/v2\/pages\/22\/revisions\/110"}],"wp:featuredmedia":[{"embeddable":true,"href":"https:\/\/www.hotelfabris.it\/de\/wp-json\/wp\/v2\/media\/12"}],"wp:attachment":[{"href":"https:\/\/www.hotelfabris.it\/de\/wp-json\/wp\/v2\/media?parent=22"}],"curies":[{"name":"wp","href":"https:\/\/api.w.org\/{rel}","templated":true}]}}