{"id":73,"date":"2016-01-11T23:16:41","date_gmt":"2016-01-11T22:16:41","guid":{"rendered":"http:\/\/www.hotelfabris.it\/?page_id=73"},"modified":"2016-01-14T18:13:14","modified_gmt":"2016-01-14T17:13:14","slug":"children","status":"publish","type":"page","link":"https:\/\/www.hotelfabris.it\/de\/kinder\/","title":{"rendered":"Kinder"},"content":{"rendered":"<p>Im Urlaub mit Ihren Kindern im Hotel Fabris:<\/p>\n<p>Hier ist, was k\u00f6nnen wir ihnen bieten:<\/p>\n<ul>\n<li>Flexible Essenszeiten f\u00fcr Kinder<\/li>\n<li>Priority Mahlzeiten<\/li>\n<li>Immer verf\u00fcgbar Gem\u00fcsesuppe, Suppen, Gem\u00fcsesuppe; f\u00fcr besondere Bed\u00fcrfnisse Sie accorderete direkt mit der K\u00fcche<\/li>\n<li>frische Milch<\/li>\n<li>Hochst\u00fchle und Sitzerh\u00f6hung, bunte Tischsets und Geschirr<\/li>\n<li>Um eine sichere und ruhige Erholung bieten wir Kinderbetten, Banken, Nachtlichter (auf Anfrage und nach Verf\u00fcgbarkeit) zu gew\u00e4hrleisten,<\/li>\n<li>Die M\u00f6glichkeit, in unserem K\u00fchlschrank Medikamente und Snacks zu verlassen<\/li>\n<li>Fahrr\u00e4der mit Kindersitzen vorn und hinten<\/li>\n<\/ul>\n<p><\/p>","protected":false},"excerpt":{"rendered":"<p>Im Urlaub mit Ihren Kindern im Hotel Fabris: Hier ist, was k\u00f6nnen wir ihnen bieten: Flexible Essenszeiten f\u00fcr Kinder Priority Mahlzeiten Immer verf\u00fcgbar Gem\u00fcsesuppe, Suppen, Gem\u00fcsesuppe; f\u00fcr besondere Bed\u00fcrfnisse Sie accorderete direkt mit der K\u00fcche frische Milch Hochst\u00fchle und Sitzerh\u00f6hung,<\/p>\n","protected":false},"author":1,"featured_media":75,"parent":0,"menu_order":0,"comment_status":"closed","ping_status":"closed","template":"","meta":[],"_links":{"self":[{"href":"https:\/\/www.hotelfabris.it\/de\/wp-json\/wp\/v2\/pages\/73"}],"collection":[{"href":"https:\/\/www.hotelfabris.it\/de\/wp-json\/wp\/v2\/pages"}],"about":[{"href":"https:\/\/www.hotelfabris.it\/de\/wp-json\/wp\/v2\/types\/page"}],"author":[{"embeddable":true,"href":"https:\/\/www.hotelfabris.it\/de\/wp-json\/wp\/v2\/users\/1"}],"replies":[{"embeddable":true,"href":"https:\/\/www.hotelfabris.it\/de\/wp-json\/wp\/v2\/comments?post=73"}],"version-history":[{"count":5,"href":"https:\/\/www.hotelfabris.it\/de\/wp-json\/wp\/v2\/pages\/73\/revisions"}],"predecessor-version":[{"id":98,"href":"https:\/\/www.hotelfabris.it\/de\/wp-json\/wp\/v2\/pages\/73\/revisions\/98"}],"wp:featuredmedia":[{"embeddable":true,"href":"https:\/\/www.hotelfabris.it\/de\/wp-json\/wp\/v2\/media\/75"}],"wp:attachment":[{"href":"https:\/\/www.hotelfabris.it\/de\/wp-json\/wp\/v2\/media?parent=73"}],"curies":[{"name":"wp","href":"https:\/\/api.w.org\/{rel}","templated":true}]}}